{"id":2048,"date":"2025-12-08T20:09:14","date_gmt":"2025-12-08T19:09:14","guid":{"rendered":"https:\/\/speed.growndev.com\/%d0%b1%d0%bb%d0%be%d0%b3\/"},"modified":"2026-02-26T17:21:27","modified_gmt":"2026-02-26T16:21:27","slug":"%d0%b1%d0%bb%d0%be%d0%b3","status":"publish","type":"page","link":"https:\/\/speed.growndev.com\/uk\/%d0%b1%d0%bb%d0%be%d0%b3\/","title":{"rendered":"\u0411\u043b\u043e\u0433"},"content":{"rendered":"\t\t<div data-elementor-type=\"wp-page\" data-elementor-id=\"2048\" class=\"elementor elementor-2048 elementor-825\" data-elementor-post-type=\"page\">\n\t\t\t\t<div class=\"elementor-element elementor-element-8e0713b e-flex e-con-boxed e-con e-parent\" data-id=\"8e0713b\" data-element_type=\"container\" data-e-type=\"container\" data-settings=\"{&quot;background_background&quot;:&quot;classic&quot;}\">\n\t\t\t\t\t<div class=\"e-con-inner\">\n\t\t\t\t<div class=\"elementor-element elementor-element-1d67196 elementor-widget elementor-widget-heading\" data-id=\"1d67196\" data-element_type=\"widget\" data-e-type=\"widget\" data-widget_type=\"heading.default\">\n\t\t\t\t\t<h1 class=\"elementor-heading-title elementor-size-default\">\u0411\u043b\u043e\u0433<\/h1>\t\t\t\t<\/div>\n\t\t\t\t\t<\/div>\n\t\t\t\t<\/div>\n\t\t<div class=\"elementor-element elementor-element-cba688b e-flex e-con-boxed e-con e-parent\" data-id=\"cba688b\" data-element_type=\"container\" data-e-type=\"container\" data-settings=\"{&quot;background_background&quot;:&quot;classic&quot;}\">\n\t\t\t\t\t<div class=\"e-con-inner\">\n\t\t\t\t<div class=\"elementor-element elementor-element-8b060a1 premium-blog-align-left elementor-widget elementor-widget-premium-addon-blog\" data-id=\"8b060a1\" data-element_type=\"widget\" data-e-type=\"widget\" data-settings=\"{&quot;premium_blog_columns_number&quot;:&quot;33.33%&quot;,&quot;premium_blog_grid&quot;:&quot;yes&quot;,&quot;premium_blog_layout&quot;:&quot;even&quot;,&quot;premium_blog_columns_number_tablet&quot;:&quot;50%&quot;,&quot;premium_blog_columns_number_mobile&quot;:&quot;100%&quot;}\" data-widget_type=\"premium-addon-blog.default\">\n\t\t\t\t\t\r\n\t\t\r\n\r\n\t\t\t\t<div class=\"premium-blog-wrap  premium-blog-even\" data-page=\"2048\">\r\n\t\t\t\t\t\t\t\t\t<div class=\"premium-blog-post-outer-container\" data-total=\"1\">\r\n\t\t\t<div class=\"premium-blog-post-container premium-blog-skin-classic\">\r\n\t\t\t\t\t\t\t\t\t<div class=\"premium-blog-thumb-effect-wrapper\">\r\n\t\t\t\t\t\t<div class=\"premium-blog-thumbnail-container premium-blog-zoomin-effect\">\r\n\t\t\t\t\t\t\t<img fetchpriority=\"high\" decoding=\"async\" width=\"1920\" height=\"1281\" src=\"https:\/\/speed.growndev.com\/wp-content\/uploads\/2025\/11\/osk-speed-06.webp\" class=\"attachment-full size-full wp-image-1684\" alt=\"osk-speed-06\" srcset=\"https:\/\/speed.growndev.com\/wp-content\/uploads\/2025\/11\/osk-speed-06.webp 1920w, https:\/\/speed.growndev.com\/wp-content\/uploads\/2025\/11\/osk-speed-06-300x200.webp 300w, https:\/\/speed.growndev.com\/wp-content\/uploads\/2025\/11\/osk-speed-06-1024x683.webp 1024w, https:\/\/speed.growndev.com\/wp-content\/uploads\/2025\/11\/osk-speed-06-768x512.webp 768w, https:\/\/speed.growndev.com\/wp-content\/uploads\/2025\/11\/osk-speed-06-1536x1025.webp 1536w\" sizes=\"(max-width: 1920px) 100vw, 1920px\" \/>\t\t\t\t\t\t<\/div>\r\n\t\t\t\t\t\t\t\t\t\t\t\t\t<div class=\"premium-blog-thumbnail-overlay\">\r\n\t\t\t\t\t\t\t\t<a class=\"elementor-icon\" href=\"https:\/\/speed.growndev.com\/uk\/%d0%b4%d0%be%d0%b4%d0%b0%d1%82%d0%ba%d0%be%d0%b2%d1%96-%d1%83%d1%80%d0%be%d0%ba%d0%b8-%d0%b2%d0%be%d0%b4%d1%96%d0%bd%d0%bd%d1%8f-%d0%b2-%d0%b3%d0%b4%d0%b0%d0%bd%d1%81%d1%8c%d0%ba%d1%83\/\" target=\"_self\"><\/a>\r\n\t\t\t\t\t\t\t<\/div>\r\n\r\n\t\t\t\t\t\t\t\t\t\t\t\t\t\t\t\t\t\t<\/div>\r\n\t\t\t\t\t\t\t\t\t\t\t\t<div class=\"premium-blog-content-wrapper \">\r\n\r\n\t\t\t\t\t<div class=\"premium-blog-inner-container\">\r\n\r\n\t\t\t\t\t\t\t\t\t\t\t\t\t\t<h2 class=\"premium-blog-entry-title\">\r\n\t\t\t<a href=\"https:\/\/speed.growndev.com\/uk\/%d0%b4%d0%be%d0%b4%d0%b0%d1%82%d0%ba%d0%be%d0%b2%d1%96-%d1%83%d1%80%d0%be%d0%ba%d0%b8-%d0%b2%d0%be%d0%b4%d1%96%d0%bd%d0%bd%d1%8f-%d0%b2-%d0%b3%d0%b4%d0%b0%d0%bd%d1%81%d1%8c%d0%ba%d1%83\/\" target=\"_self\">\r\n\t\t\t\t\u0414\u043e\u0434\u0430\u0442\u043a\u043e\u0432\u0456 \u0443\u0440\u043e\u043a\u0438 \u0432\u043e\u0434\u0456\u043d\u043d\u044f \u0432 \u0413\u0434\u0430\u043d\u0441\u044c\u043a\u0443 \u2013 \u043f\u043e\u043a\u0440\u0430\u0449\u0456\u0442\u044c \u0441\u0432\u043e\u0457 \u043d\u0430\u0432\u0438\u0447\u043a\u0438\t\t\t<\/a>\r\n\t\t<\/h2>\r\n\t\t\t\t<div class=\"premium-blog-entry-meta\">\r\n\t\t\t\r\n\t\t\t\t\t\t\t<span class=\"premium-blog-meta-separator\">\u2022<\/span>\r\n\t\t\t\t<div class=\"premium-blog-post-time premium-blog-meta-data\">\r\n\t\t\t\t\t<i class=\"fa fa-calendar-alt\" aria-hidden=\"true\"><\/i>\r\n\t\t\t\t\t<span>2025-11-20<\/span>\r\n\t\t\t\t<\/div>\r\n\t\t\t\r\n\t\t\t\r\n\t\t\t\t\t<\/div>\r\n\t\t\r\n\t\t\t\t\t<\/div>\r\n\r\n\t\t\t\t\t\t\t<div class=\"premium-blog-content-inner-wrapper\">\r\n\t\t<p class=\"premium-blog-post-content\">\u0414\u043e\u0434\u0430\u0442\u043a\u043e\u0432\u0456 \u0443\u0440\u043e\u043a\u0438 \u0432\u043e\u0434\u0456\u043d\u043d\u044f \u0432\u0456\u0434\u0456\u0433\u0440\u0430\u044e\u0442\u044c \u043a\u043b\u044e\u0447\u043e\u0432\u0443 \u0440\u043e\u043b\u044c \u0443 \u043f\u0440\u0438\u0441\u0442\u043e\u0441\u0443\u0432\u0430\u043d\u043d\u0456 \u0432\u043e\u0434\u0456\u0457\u0432 \u0434\u043e \u043d\u043e\u0432\u0438\u0445 \u0434\u043e\u0440\u043e\u0436\u043d\u0456\u0445 \u0443\u043c\u043e\u0432. \u0412\u043e\u043d\u0438 \u0434\u043e\u043f\u043e\u043c\u0430\u0433\u0430\u044e\u0442\u044c \u043d\u0430\u0431\u0443\u0442\u0438 \u0432\u043f\u0435\u0432\u043d\u0435\u043d\u043e\u0441\u0442\u0456 \u0442\u0430 \u043d\u0430\u0432\u0438\u0447\u043e\u043a, \u043d\u0435\u043e\u0431\u0445\u0456\u0434\u043d\u0438\u0445 \u0434\u043b\u044f \u043f\u043e\u0434\u043e\u043b\u0430\u043d\u043d\u044f \u2026<\/p>\t\t<\/div>\r\n\t\t\t\t\t\t\t\r\n\t\t\t\t<\/div>\r\n\t\t\t<\/div>\r\n\t\t<\/div>\r\n\r\n\t\t\t\t<div class=\"premium-blog-post-outer-container\" data-total=\"1\">\r\n\t\t\t<div class=\"premium-blog-post-container premium-blog-skin-classic\">\r\n\t\t\t\t\t\t\t\t\t<div class=\"premium-blog-thumb-effect-wrapper\">\r\n\t\t\t\t\t\t<div class=\"premium-blog-thumbnail-container premium-blog-zoomin-effect\">\r\n\t\t\t\t\t\t\t<img decoding=\"async\" width=\"1360\" height=\"906\" src=\"https:\/\/speed.growndev.com\/wp-content\/uploads\/2025\/12\/prawo-jazdy-po-angielsku-osk-speed.webp\" class=\"attachment-full size-full wp-image-2047\" alt=\"prawo-jazdy-po-angielsku-osk-speed\" srcset=\"https:\/\/speed.growndev.com\/wp-content\/uploads\/2025\/12\/prawo-jazdy-po-angielsku-osk-speed.webp 1360w, https:\/\/speed.growndev.com\/wp-content\/uploads\/2025\/12\/prawo-jazdy-po-angielsku-osk-speed-300x200.webp 300w, https:\/\/speed.growndev.com\/wp-content\/uploads\/2025\/12\/prawo-jazdy-po-angielsku-osk-speed-1024x682.webp 1024w, https:\/\/speed.growndev.com\/wp-content\/uploads\/2025\/12\/prawo-jazdy-po-angielsku-osk-speed-768x512.webp 768w\" sizes=\"(max-width: 1360px) 100vw, 1360px\" \/>\t\t\t\t\t\t<\/div>\r\n\t\t\t\t\t\t\t\t\t\t\t\t\t<div class=\"premium-blog-thumbnail-overlay\">\r\n\t\t\t\t\t\t\t\t<a class=\"elementor-icon\" href=\"https:\/\/speed.growndev.com\/uk\/%d0%b2%d0%be%d0%b4%d1%96%d0%b9%d1%81%d1%8c%d0%ba%d0%b5-%d0%bf%d0%be%d1%81%d0%b2%d1%96%d0%b4%d1%87%d0%b5%d0%bd%d0%bd%d1%8f-%d0%b0%d0%bd%d0%b3%d0%bb%d1%96%d0%b9%d1%81%d1%8c%d0%ba%d0%be%d1%8e-%d0%bc\/\" target=\"_self\"><\/a>\r\n\t\t\t\t\t\t\t<\/div>\r\n\r\n\t\t\t\t\t\t\t\t\t\t\t\t\t\t\t\t\t\t<\/div>\r\n\t\t\t\t\t\t\t\t\t\t\t\t<div class=\"premium-blog-content-wrapper \">\r\n\r\n\t\t\t\t\t<div class=\"premium-blog-inner-container\">\r\n\r\n\t\t\t\t\t\t\t\t\t\t\t\t\t\t<h2 class=\"premium-blog-entry-title\">\r\n\t\t\t<a href=\"https:\/\/speed.growndev.com\/uk\/%d0%b2%d0%be%d0%b4%d1%96%d0%b9%d1%81%d1%8c%d0%ba%d0%b5-%d0%bf%d0%be%d1%81%d0%b2%d1%96%d0%b4%d1%87%d0%b5%d0%bd%d0%bd%d1%8f-%d0%b0%d0%bd%d0%b3%d0%bb%d1%96%d0%b9%d1%81%d1%8c%d0%ba%d0%be%d1%8e-%d0%bc\/\" target=\"_self\">\r\n\t\t\t\t\u0412\u043e\u0434\u0456\u0439\u0441\u044c\u043a\u0435 \u043f\u043e\u0441\u0432\u0456\u0434\u0447\u0435\u043d\u043d\u044f \u0430\u043d\u0433\u043b\u0456\u0439\u0441\u044c\u043a\u043e\u044e \u043c\u043e\u0432\u043e\u044e \u0432 \u0413\u0434\u0430\u043d\u0441\u044c\u043a\u0443 \u2013 \u0434\u043e\u0434\u0430\u0442\u043a\u043e\u0432\u0456 \u0443\u0440\u043e\u043a\u0438 \u0432\u043e\u0434\u0456\u043d\u043d\u044f\t\t\t<\/a>\r\n\t\t<\/h2>\r\n\t\t\t\t<div class=\"premium-blog-entry-meta\">\r\n\t\t\t\r\n\t\t\t\t\t\t\t<span class=\"premium-blog-meta-separator\">\u2022<\/span>\r\n\t\t\t\t<div class=\"premium-blog-post-time premium-blog-meta-data\">\r\n\t\t\t\t\t<i class=\"fa fa-calendar-alt\" aria-hidden=\"true\"><\/i>\r\n\t\t\t\t\t<span>2025-11-15<\/span>\r\n\t\t\t\t<\/div>\r\n\t\t\t\r\n\t\t\t\r\n\t\t\t\t\t<\/div>\r\n\t\t\r\n\t\t\t\t\t<\/div>\r\n\r\n\t\t\t\t\t\t\t<div class=\"premium-blog-content-inner-wrapper\">\r\n\t\t<p class=\"premium-blog-post-content\">\u0420\u043e\u0437\u0433\u043b\u044f\u0434 \u043c\u043e\u0436\u043b\u0438\u0432\u043e\u0441\u0442\u0456 \u043f\u0440\u043e\u0445\u043e\u0434\u0436\u0435\u043d\u043d\u044f \u0434\u043e\u0434\u0430\u0442\u043a\u043e\u0432\u0438\u0445 \u0443\u0440\u043e\u043a\u0456\u0432 \u0432\u043e\u0434\u0456\u043d\u043d\u044f \u0430\u043d\u0433\u043b\u0456\u0439\u0441\u044c\u043a\u043e\u044e \u043c\u043e\u0432\u043e\u044e \u0432 \u0413\u0434\u0430\u043d\u0441\u044c\u043a\u0443 \u043c\u043e\u0436\u0435 \u043f\u0440\u0438\u043d\u0435\u0441\u0442\u0438 \u0431\u0430\u0433\u0430\u0442\u043e \u043a\u043e\u0440\u0438\u0441\u0442\u0456 \u0432\u043e\u0434\u0456\u044f\u043c, \u044f\u043a\u0456 \u043f\u0440\u0430\u0433\u043d\u0443\u0442\u044c \u0443\u0434\u043e\u0441\u043a\u043e\u043d\u0430\u043b\u0438\u0442\u0438 \u0441\u0432\u043e\u0457 \u043d\u0430\u0432\u0438\u0447\u043a\u0438. \u0423 \u0442\u0430\u043a\u0438\u0445 \u2026<\/p>\t\t<\/div>\r\n\t\t\t\t\t\t\t\r\n\t\t\t\t<\/div>\r\n\t\t\t<\/div>\r\n\t\t<\/div>\r\n\r\n\t\t\t\t<div class=\"premium-blog-post-outer-container\" data-total=\"1\">\r\n\t\t\t<div class=\"premium-blog-post-container premium-blog-skin-classic\">\r\n\t\t\t\t\t\t\t\t\t<div class=\"premium-blog-thumb-effect-wrapper\">\r\n\t\t\t\t\t\t<div class=\"premium-blog-thumbnail-container premium-blog-zoomin-effect\">\r\n\t\t\t\t\t\t\t<img decoding=\"async\" width=\"1919\" height=\"1280\" src=\"https:\/\/speed.growndev.com\/wp-content\/uploads\/2025\/11\/osk-speed-10.webp\" class=\"attachment-full size-full wp-image-1691\" alt=\"osk-speed-10\" srcset=\"https:\/\/speed.growndev.com\/wp-content\/uploads\/2025\/11\/osk-speed-10.webp 1919w, https:\/\/speed.growndev.com\/wp-content\/uploads\/2025\/11\/osk-speed-10-300x200.webp 300w, https:\/\/speed.growndev.com\/wp-content\/uploads\/2025\/11\/osk-speed-10-1024x683.webp 1024w, https:\/\/speed.growndev.com\/wp-content\/uploads\/2025\/11\/osk-speed-10-768x512.webp 768w, https:\/\/speed.growndev.com\/wp-content\/uploads\/2025\/11\/osk-speed-10-1536x1025.webp 1536w\" sizes=\"(max-width: 1919px) 100vw, 1919px\" \/>\t\t\t\t\t\t<\/div>\r\n\t\t\t\t\t\t\t\t\t\t\t\t\t<div class=\"premium-blog-thumbnail-overlay\">\r\n\t\t\t\t\t\t\t\t<a class=\"elementor-icon\" href=\"https:\/\/speed.growndev.com\/uk\/%d0%bf%d0%be%d0%b7%d0%b8%d1%82%d0%b8%d0%b2%d0%bd%d0%b8%d0%b9-%d1%80%d0%b5%d0%b7%d1%83%d0%bb%d1%8c%d1%82%d0%b0%d1%82-%d1%96%d1%81%d0%bf%d0%b8%d1%82%d1%83-%d0%bd%d0%b0-%d0%b2%d0%be%d0%b4%d1%96%d0%b9\/\" target=\"_self\"><\/a>\r\n\t\t\t\t\t\t\t<\/div>\r\n\r\n\t\t\t\t\t\t\t\t\t\t\t\t\t\t\t\t\t\t<\/div>\r\n\t\t\t\t\t\t\t\t\t\t\t\t<div class=\"premium-blog-content-wrapper \">\r\n\r\n\t\t\t\t\t<div class=\"premium-blog-inner-container\">\r\n\r\n\t\t\t\t\t\t\t\t\t\t\t\t\t\t<h2 class=\"premium-blog-entry-title\">\r\n\t\t\t<a href=\"https:\/\/speed.growndev.com\/uk\/%d0%bf%d0%be%d0%b7%d0%b8%d1%82%d0%b8%d0%b2%d0%bd%d0%b8%d0%b9-%d1%80%d0%b5%d0%b7%d1%83%d0%bb%d1%8c%d1%82%d0%b0%d1%82-%d1%96%d1%81%d0%bf%d0%b8%d1%82%d1%83-%d0%bd%d0%b0-%d0%b2%d0%be%d0%b4%d1%96%d0%b9\/\" target=\"_self\">\r\n\t\t\t\t\u041f\u043e\u0437\u0438\u0442\u0438\u0432\u043d\u0438\u0439 \u0440\u0435\u0437\u0443\u043b\u044c\u0442\u0430\u0442 \u0456\u0441\u043f\u0438\u0442\u0443 \u043d\u0430 \u0432\u043e\u0434\u0456\u0439\u0441\u044c\u043a\u0435 \u043f\u043e\u0441\u0432\u0456\u0434\u0447\u0435\u043d\u043d\u044f \u2013 \u0449\u043e \u0434\u0430\u043b\u0456?\t\t\t<\/a>\r\n\t\t<\/h2>\r\n\t\t\t\t<div class=\"premium-blog-entry-meta\">\r\n\t\t\t\r\n\t\t\t\t\t\t\t<span class=\"premium-blog-meta-separator\">\u2022<\/span>\r\n\t\t\t\t<div class=\"premium-blog-post-time premium-blog-meta-data\">\r\n\t\t\t\t\t<i class=\"fa fa-calendar-alt\" aria-hidden=\"true\"><\/i>\r\n\t\t\t\t\t<span>2022-10-12<\/span>\r\n\t\t\t\t<\/div>\r\n\t\t\t\r\n\t\t\t\r\n\t\t\t\t\t<\/div>\r\n\t\t\r\n\t\t\t\t\t<\/div>\r\n\r\n\t\t\t\t\t\t\t<div class=\"premium-blog-content-inner-wrapper\">\r\n\t\t<p class=\"premium-blog-post-content\">\u0429\u043e\u0431 \u043f\u043e\u0432\u043d\u043e\u044e \u043c\u0456\u0440\u043e\u044e \u0440\u0430\u0434\u0456\u0442\u0438 \u043e\u0442\u0440\u0438\u043c\u0430\u043d\u043d\u044e \u0432\u043e\u0434\u0456\u0439\u0441\u044c\u043a\u043e\u0433\u043e \u043f\u043e\u0441\u0432\u0456\u0434\u0447\u0435\u043d\u043d\u044f, \u043d\u0435\u043e\u0431\u0445\u0456\u0434\u043d\u043e \u0432\u0438\u043a\u043e\u043d\u0430\u0442\u0438 \u043f\u0435\u0432\u043d\u0456 \u0444\u043e\u0440\u043c\u0430\u043b\u044c\u043d\u043e\u0441\u0442\u0456, \u043f\u0440\u043e \u044f\u043a\u0456 \u043b\u0435\u0433\u043a\u043e \u0437\u0430\u0431\u0443\u0442\u0438 \u0432 \u0435\u043a\u0437\u0430\u043c\u0435\u043d\u0430\u0446\u0456\u0439\u043d\u043e\u043c\u0443 \u0445\u0432\u0438\u043b\u044e\u0432\u0430\u043d\u043d\u0456. \u0427\u0430\u0441\u0442\u043e \u043f\u0456\u0441\u043b\u044f \u043e\u0442\u0440\u0438\u043c\u0430\u043d\u043d\u044f \u043f\u043e\u0437\u0438\u0442\u0438\u0432\u043d\u043e\u0433\u043e \u2026<\/p>\t\t<\/div>\r\n\t\t\t\t\t\t\t\r\n\t\t\t\t<\/div>\r\n\t\t\t<\/div>\r\n\t\t<\/div>\r\n\r\n\t\t\t\t<div class=\"premium-blog-post-outer-container\" data-total=\"1\">\r\n\t\t\t<div class=\"premium-blog-post-container premium-blog-skin-classic\">\r\n\t\t\t\t\t\t\t\t\t<div class=\"premium-blog-thumb-effect-wrapper\">\r\n\t\t\t\t\t\t<div class=\"premium-blog-thumbnail-container premium-blog-zoomin-effect\">\r\n\t\t\t\t\t\t\t<img loading=\"lazy\" decoding=\"async\" width=\"1920\" height=\"1280\" src=\"https:\/\/speed.growndev.com\/wp-content\/uploads\/2025\/11\/osk-speed-12.webp\" class=\"attachment-full size-full wp-image-1689\" alt=\"osk-speed-12\" srcset=\"https:\/\/speed.growndev.com\/wp-content\/uploads\/2025\/11\/osk-speed-12.webp 1920w, https:\/\/speed.growndev.com\/wp-content\/uploads\/2025\/11\/osk-speed-12-300x200.webp 300w, https:\/\/speed.growndev.com\/wp-content\/uploads\/2025\/11\/osk-speed-12-1024x683.webp 1024w, https:\/\/speed.growndev.com\/wp-content\/uploads\/2025\/11\/osk-speed-12-768x512.webp 768w, https:\/\/speed.growndev.com\/wp-content\/uploads\/2025\/11\/osk-speed-12-1536x1024.webp 1536w\" sizes=\"(max-width: 1920px) 100vw, 1920px\" \/>\t\t\t\t\t\t<\/div>\r\n\t\t\t\t\t\t\t\t\t\t\t\t\t<div class=\"premium-blog-thumbnail-overlay\">\r\n\t\t\t\t\t\t\t\t<a class=\"elementor-icon\" href=\"https:\/\/speed.growndev.com\/uk\/%d0%b2%d0%be%d0%b4%d1%96%d0%b9%d1%81%d1%8c%d0%ba%d0%b5-%d0%bf%d0%be%d1%81%d0%b2%d1%96%d0%b4%d1%87%d0%b5%d0%bd%d0%bd%d1%8f-%d0%ba%d0%b0%d1%82%d0%b5%d0%b3%d0%be%d1%80%d1%96%d1%97-b-%d1%96\/\" target=\"_self\"><\/a>\r\n\t\t\t\t\t\t\t<\/div>\r\n\r\n\t\t\t\t\t\t\t\t\t\t\t\t\t\t\t\t\t\t<\/div>\r\n\t\t\t\t\t\t\t\t\t\t\t\t<div class=\"premium-blog-content-wrapper \">\r\n\r\n\t\t\t\t\t<div class=\"premium-blog-inner-container\">\r\n\r\n\t\t\t\t\t\t\t\t\t\t\t\t\t\t<h2 class=\"premium-blog-entry-title\">\r\n\t\t\t<a href=\"https:\/\/speed.growndev.com\/uk\/%d0%b2%d0%be%d0%b4%d1%96%d0%b9%d1%81%d1%8c%d0%ba%d0%b5-%d0%bf%d0%be%d1%81%d0%b2%d1%96%d0%b4%d1%87%d0%b5%d0%bd%d0%bd%d1%8f-%d0%ba%d0%b0%d1%82%d0%b5%d0%b3%d0%be%d1%80%d1%96%d1%97-b-%d1%96\/\" target=\"_self\">\r\n\t\t\t\t\u0412\u043e\u0434\u0456\u0439\u0441\u044c\u043a\u0435 \u043f\u043e\u0441\u0432\u0456\u0434\u0447\u0435\u043d\u043d\u044f \u043a\u0430\u0442\u0435\u0433\u043e\u0440\u0456\u0457 B \u2013 \u0456\u043d\u0444\u043e\u0440\u043c\u0430\u0446\u0456\u044f\t\t\t<\/a>\r\n\t\t<\/h2>\r\n\t\t\t\t<div class=\"premium-blog-entry-meta\">\r\n\t\t\t\r\n\t\t\t\t\t\t\t<span class=\"premium-blog-meta-separator\">\u2022<\/span>\r\n\t\t\t\t<div class=\"premium-blog-post-time premium-blog-meta-data\">\r\n\t\t\t\t\t<i class=\"fa fa-calendar-alt\" aria-hidden=\"true\"><\/i>\r\n\t\t\t\t\t<span>2020-02-24<\/span>\r\n\t\t\t\t<\/div>\r\n\t\t\t\r\n\t\t\t\r\n\t\t\t\t\t<\/div>\r\n\t\t\r\n\t\t\t\t\t<\/div>\r\n\r\n\t\t\t\t\t\t\t<div class=\"premium-blog-content-inner-wrapper\">\r\n\t\t<p class=\"premium-blog-post-content\">\u041b\u0435\u0433\u043a\u043e\u0432\u0438\u0439 \u0430\u0432\u0442\u043e\u043c\u043e\u0431\u0456\u043b\u044c \u0443\u0436\u0435 \u0434\u0430\u0432\u043d\u043e \u043d\u0435 \u0430\u0441\u043e\u0446\u0456\u044e\u0454\u0442\u044c\u0441\u044f \u0437 \u0440\u043e\u0437\u043a\u0456\u0448\u0448\u044e. \u0412\u0441\u0435 \u0447\u0430\u0441\u0442\u0456\u0448\u0435 \u0432\u0456\u043d \u0441\u0442\u0430\u0454 \u043d\u0435\u043e\u0431\u0445\u0456\u0434\u043d\u0438\u043c \u0437\u0430\u0441\u043e\u0431\u043e\u043c \u043f\u0435\u0440\u0435\u0441\u0443\u0432\u0430\u043d\u043d\u044f \u2013 \u044f\u043a \u0434\u043b\u044f \u043f\u0440\u0438\u0432\u0430\u0442\u043d\u0438\u0445, \u0442\u0430\u043a \u0456 \u0434\u043b\u044f \u2026<\/p>\t\t<\/div>\r\n\t\t\t\t\t\t\t\r\n\t\t\t\t<\/div>\r\n\t\t\t<\/div>\r\n\t\t<\/div>\r\n\r\n\t\t\t\t<div class=\"premium-blog-post-outer-container\" data-total=\"1\">\r\n\t\t\t<div class=\"premium-blog-post-container premium-blog-skin-classic\">\r\n\t\t\t\t\t\t\t\t\t<div class=\"premium-blog-thumb-effect-wrapper\">\r\n\t\t\t\t\t\t<div class=\"premium-blog-thumbnail-container premium-blog-zoomin-effect\">\r\n\t\t\t\t\t\t\t<img loading=\"lazy\" decoding=\"async\" width=\"1920\" height=\"1280\" src=\"https:\/\/speed.growndev.com\/wp-content\/uploads\/2025\/11\/osk-speed-13.webp\" class=\"attachment-full size-full wp-image-1688\" alt=\"osk-speed-13\" srcset=\"https:\/\/speed.growndev.com\/wp-content\/uploads\/2025\/11\/osk-speed-13.webp 1920w, https:\/\/speed.growndev.com\/wp-content\/uploads\/2025\/11\/osk-speed-13-300x200.webp 300w, https:\/\/speed.growndev.com\/wp-content\/uploads\/2025\/11\/osk-speed-13-1024x683.webp 1024w, https:\/\/speed.growndev.com\/wp-content\/uploads\/2025\/11\/osk-speed-13-768x512.webp 768w, https:\/\/speed.growndev.com\/wp-content\/uploads\/2025\/11\/osk-speed-13-1536x1024.webp 1536w\" sizes=\"(max-width: 1920px) 100vw, 1920px\" \/>\t\t\t\t\t\t<\/div>\r\n\t\t\t\t\t\t\t\t\t\t\t\t\t<div class=\"premium-blog-thumbnail-overlay\">\r\n\t\t\t\t\t\t\t\t<a class=\"elementor-icon\" href=\"https:\/\/speed.growndev.com\/uk\/%d1%8f%d0%ba-%d1%81%d0%ba%d0%bb%d0%b0%d1%81%d1%82%d0%b8-%d1%96%d1%81%d0%bf%d0%b8%d1%82-%d0%bd%d0%b0-%d0%b2%d0%be%d0%b4%d1%96%d0%b9%d1%81%d1%8c%d0%ba%d0%b5-%d0%bf%d0%be%d1%81%d0%b2%d1%96%d0%b4%d1%87\/\" target=\"_self\"><\/a>\r\n\t\t\t\t\t\t\t<\/div>\r\n\r\n\t\t\t\t\t\t\t\t\t\t\t\t\t\t\t\t\t\t<\/div>\r\n\t\t\t\t\t\t\t\t\t\t\t\t<div class=\"premium-blog-content-wrapper \">\r\n\r\n\t\t\t\t\t<div class=\"premium-blog-inner-container\">\r\n\r\n\t\t\t\t\t\t\t\t\t\t\t\t\t\t<h2 class=\"premium-blog-entry-title\">\r\n\t\t\t<a href=\"https:\/\/speed.growndev.com\/uk\/%d1%8f%d0%ba-%d1%81%d0%ba%d0%bb%d0%b0%d1%81%d1%82%d0%b8-%d1%96%d1%81%d0%bf%d0%b8%d1%82-%d0%bd%d0%b0-%d0%b2%d0%be%d0%b4%d1%96%d0%b9%d1%81%d1%8c%d0%ba%d0%b5-%d0%bf%d0%be%d1%81%d0%b2%d1%96%d0%b4%d1%87\/\" target=\"_self\">\r\n\t\t\t\t\u042f\u043a \u0441\u043a\u043b\u0430\u0441\u0442\u0438 \u0456\u0441\u043f\u0438\u0442 \u043d\u0430 \u0432\u043e\u0434\u0456\u0439\u0441\u044c\u043a\u0435 \u043f\u043e\u0441\u0432\u0456\u0434\u0447\u0435\u043d\u043d\u044f?\t\t\t<\/a>\r\n\t\t<\/h2>\r\n\t\t\t\t<div class=\"premium-blog-entry-meta\">\r\n\t\t\t\r\n\t\t\t\t\t\t\t<span class=\"premium-blog-meta-separator\">\u2022<\/span>\r\n\t\t\t\t<div class=\"premium-blog-post-time premium-blog-meta-data\">\r\n\t\t\t\t\t<i class=\"fa fa-calendar-alt\" aria-hidden=\"true\"><\/i>\r\n\t\t\t\t\t<span>2020-01-31<\/span>\r\n\t\t\t\t<\/div>\r\n\t\t\t\r\n\t\t\t\r\n\t\t\t\t\t<\/div>\r\n\t\t\r\n\t\t\t\t\t<\/div>\r\n\r\n\t\t\t\t\t\t\t<div class=\"premium-blog-content-inner-wrapper\">\r\n\t\t<p class=\"premium-blog-post-content\">\u0411\u0430\u0433\u0430\u0442\u043e \u0445\u0442\u043e \u0437 \u043d\u0430\u0441 \u0437\u0430\u043c\u0438\u0441\u043b\u044e\u0454\u0442\u044c\u0441\u044f, \u044f\u043a \u0443\u0441\u043f\u0456\u0448\u043d\u043e \u0441\u043a\u043b\u0430\u0441\u0442\u0438 \u0456\u0441\u043f\u0438\u0442 \u043d\u0430 \u0432\u043e\u0434\u0456\u0439\u0441\u044c\u043a\u0435 \u043f\u043e\u0441\u0432\u0456\u0434\u0447\u0435\u043d\u043d\u044f. \u0417\u0432\u0438\u0447\u0430\u0439\u043d\u043e, \u0434\u043e \u0442\u0430\u043a\u043e\u0433\u043e \u0456\u0441\u043f\u0438\u0442\u0443 \u043c\u043e\u0436\u043d\u0430 \u043f\u0440\u0438\u0441\u0442\u0443\u043f\u0438\u0442\u0438 \u043b\u0438\u0448\u0435 \u043f\u0456\u0441\u043b\u044f \u043f\u0440\u043e\u0445\u043e\u0434\u0436\u0435\u043d\u043d\u044f \u0441\u043f\u0435\u0446\u0456\u0430\u043b\u0456\u0437\u043e\u0432\u0430\u043d\u043e\u0433\u043e \u2026<\/p>\t\t<\/div>\r\n\t\t\t\t\t\t\t\r\n\t\t\t\t<\/div>\r\n\t\t\t<\/div>\r\n\t\t<\/div>\r\n\r\n\t\t\t\t\t\t\t<\/div>\r\n\r\n\t\t\r\n\t\t\r\n\t\t\t\t\t\t<\/div>\n\t\t\t\t\t<\/div>\n\t\t\t\t<\/div>\n\t\t\t\t<\/div>\n\t\t","protected":false},"excerpt":{"rendered":"<p>\u0411\u043b\u043e\u0433 Jazdy doszkalaj\u0105ce w Gda\u0144sku popraw swoje umiej\u0119tno\u015bci \u2022 2025-11-20 Jazdy doszkalaj\u0105ce odgrywaj\u0105 kluczow\u0105 rol\u0119 w przystosowaniu kierowc\u00f3w do nowych warunk\u00f3w drogowych. Pomagaj\u0105 naby\u0107 pewno\u015b\u0107 siebie oraz umiej\u0119tno\u015bci niezb\u0119dne do radzenia sobie \u2026 Prawo jazdy po angielsku w Gda\u0144sku dodatkowe jazdy \u2022 2025-11-15 Rozwa\u017cenie dodatkowych zaj\u0119\u0107 z prawa jazdy po angielsku w Gda\u0144sku mo\u017ce przynie\u015b\u0107 [&hellip;]<\/p>\n","protected":false},"author":2,"featured_media":0,"parent":0,"menu_order":0,"comment_status":"closed","ping_status":"closed","template":"","meta":{"_acf_changed":false,"footnotes":""},"class_list":["post-2048","page","type-page","status-publish","hentry"],"acf":[],"_links":{"self":[{"href":"https:\/\/speed.growndev.com\/uk\/wp-json\/wp\/v2\/pages\/2048","targetHints":{"allow":["GET"]}}],"collection":[{"href":"https:\/\/speed.growndev.com\/uk\/wp-json\/wp\/v2\/pages"}],"about":[{"href":"https:\/\/speed.growndev.com\/uk\/wp-json\/wp\/v2\/types\/page"}],"author":[{"embeddable":true,"href":"https:\/\/speed.growndev.com\/uk\/wp-json\/wp\/v2\/users\/2"}],"replies":[{"embeddable":true,"href":"https:\/\/speed.growndev.com\/uk\/wp-json\/wp\/v2\/comments?post=2048"}],"version-history":[{"count":1,"href":"https:\/\/speed.growndev.com\/uk\/wp-json\/wp\/v2\/pages\/2048\/revisions"}],"predecessor-version":[{"id":2049,"href":"https:\/\/speed.growndev.com\/uk\/wp-json\/wp\/v2\/pages\/2048\/revisions\/2049"}],"wp:attachment":[{"href":"https:\/\/speed.growndev.com\/uk\/wp-json\/wp\/v2\/media?parent=2048"}],"curies":[{"name":"wp","href":"https:\/\/api.w.org\/{rel}","templated":true}]}}