{"id":2050,"date":"2025-12-08T20:09:14","date_gmt":"2025-12-08T19:09:14","guid":{"rendered":"https:\/\/speed.growndev.com\/blog\/"},"modified":"2026-02-26T17:22:03","modified_gmt":"2026-02-26T16:22:03","slug":"blog","status":"publish","type":"page","link":"https:\/\/speed.growndev.com\/en\/blog\/","title":{"rendered":"Blog"},"content":{"rendered":"\t\t<div data-elementor-type=\"wp-page\" data-elementor-id=\"2050\" class=\"elementor elementor-2050 elementor-825\" data-elementor-post-type=\"page\">\n\t\t\t\t<div class=\"elementor-element elementor-element-8e0713b e-flex e-con-boxed e-con e-parent\" data-id=\"8e0713b\" data-element_type=\"container\" data-e-type=\"container\" data-settings=\"{&quot;background_background&quot;:&quot;classic&quot;}\">\n\t\t\t\t\t<div class=\"e-con-inner\">\n\t\t\t\t<div class=\"elementor-element elementor-element-1d67196 elementor-widget elementor-widget-heading\" data-id=\"1d67196\" data-element_type=\"widget\" data-e-type=\"widget\" data-widget_type=\"heading.default\">\n\t\t\t\t\t<h1 class=\"elementor-heading-title elementor-size-default\">Blog<\/h1>\t\t\t\t<\/div>\n\t\t\t\t\t<\/div>\n\t\t\t\t<\/div>\n\t\t<div class=\"elementor-element elementor-element-cba688b e-flex e-con-boxed e-con e-parent\" data-id=\"cba688b\" data-element_type=\"container\" data-e-type=\"container\" data-settings=\"{&quot;background_background&quot;:&quot;classic&quot;}\">\n\t\t\t\t\t<div class=\"e-con-inner\">\n\t\t\t\t<div class=\"elementor-element elementor-element-8b060a1 premium-blog-align-left elementor-widget elementor-widget-premium-addon-blog\" data-id=\"8b060a1\" data-element_type=\"widget\" data-e-type=\"widget\" data-settings=\"{&quot;premium_blog_columns_number&quot;:&quot;33.33%&quot;,&quot;premium_blog_grid&quot;:&quot;yes&quot;,&quot;premium_blog_layout&quot;:&quot;even&quot;,&quot;premium_blog_columns_number_tablet&quot;:&quot;50%&quot;,&quot;premium_blog_columns_number_mobile&quot;:&quot;100%&quot;}\" data-widget_type=\"premium-addon-blog.default\">\n\t\t\t\t\t\r\n\t\t\r\n\r\n\t\t\t\t<div class=\"premium-blog-wrap  premium-blog-even\" data-page=\"2050\">\r\n\t\t\t\t\t\t\t\t\t<div class=\"premium-blog-post-outer-container\" data-total=\"1\">\r\n\t\t\t<div class=\"premium-blog-post-container premium-blog-skin-classic\">\r\n\t\t\t\t\t\t\t\t\t<div class=\"premium-blog-thumb-effect-wrapper\">\r\n\t\t\t\t\t\t<div class=\"premium-blog-thumbnail-container premium-blog-zoomin-effect\">\r\n\t\t\t\t\t\t\t<img fetchpriority=\"high\" decoding=\"async\" width=\"1920\" height=\"1281\" src=\"https:\/\/speed.growndev.com\/wp-content\/uploads\/2025\/11\/osk-speed-06.webp\" class=\"attachment-full size-full wp-image-1647\" alt=\"osk-speed-06\" srcset=\"https:\/\/speed.growndev.com\/wp-content\/uploads\/2025\/11\/osk-speed-06.webp 1920w, https:\/\/speed.growndev.com\/wp-content\/uploads\/2025\/11\/osk-speed-06-300x200.webp 300w, https:\/\/speed.growndev.com\/wp-content\/uploads\/2025\/11\/osk-speed-06-1024x683.webp 1024w, https:\/\/speed.growndev.com\/wp-content\/uploads\/2025\/11\/osk-speed-06-768x512.webp 768w, https:\/\/speed.growndev.com\/wp-content\/uploads\/2025\/11\/osk-speed-06-1536x1025.webp 1536w\" sizes=\"(max-width: 1920px) 100vw, 1920px\" \/>\t\t\t\t\t\t<\/div>\r\n\t\t\t\t\t\t\t\t\t\t\t\t\t<div class=\"premium-blog-thumbnail-overlay\">\r\n\t\t\t\t\t\t\t\t<a class=\"elementor-icon\" href=\"https:\/\/speed.growndev.com\/en\/refresher-driving-lessons-in-gdansk-improve-your-skills\/\" target=\"_self\"><\/a>\r\n\t\t\t\t\t\t\t<\/div>\r\n\r\n\t\t\t\t\t\t\t\t\t\t\t\t\t\t\t\t\t\t<\/div>\r\n\t\t\t\t\t\t\t\t\t\t\t\t<div class=\"premium-blog-content-wrapper \">\r\n\r\n\t\t\t\t\t<div class=\"premium-blog-inner-container\">\r\n\r\n\t\t\t\t\t\t\t\t\t\t\t\t\t\t<h2 class=\"premium-blog-entry-title\">\r\n\t\t\t<a href=\"https:\/\/speed.growndev.com\/en\/refresher-driving-lessons-in-gdansk-improve-your-skills\/\" target=\"_self\">\r\n\t\t\t\tRefresher Driving Lessons in Gda\u0144sk \u2013 Improve Your Skills\t\t\t<\/a>\r\n\t\t<\/h2>\r\n\t\t\t\t<div class=\"premium-blog-entry-meta\">\r\n\t\t\t\r\n\t\t\t\t\t\t\t<span class=\"premium-blog-meta-separator\">\u2022<\/span>\r\n\t\t\t\t<div class=\"premium-blog-post-time premium-blog-meta-data\">\r\n\t\t\t\t\t<i class=\"fa fa-calendar-alt\" aria-hidden=\"true\"><\/i>\r\n\t\t\t\t\t<span>2025-11-20<\/span>\r\n\t\t\t\t<\/div>\r\n\t\t\t\r\n\t\t\t\r\n\t\t\t\t\t<\/div>\r\n\t\t\r\n\t\t\t\t\t<\/div>\r\n\r\n\t\t\t\t\t\t\t<div class=\"premium-blog-content-inner-wrapper\">\r\n\t\t<p class=\"premium-blog-post-content\">Refresher driving lessons play a key role in adapting drivers to new road conditions. They help build confidence and develop the skills \u2026<\/p>\t\t<\/div>\r\n\t\t\t\t\t\t\t\r\n\t\t\t\t<\/div>\r\n\t\t\t<\/div>\r\n\t\t<\/div>\r\n\r\n\t\t\t\t<div class=\"premium-blog-post-outer-container\" data-total=\"1\">\r\n\t\t\t<div class=\"premium-blog-post-container premium-blog-skin-classic\">\r\n\t\t\t\t\t\t\t\t\t<div class=\"premium-blog-thumb-effect-wrapper\">\r\n\t\t\t\t\t\t<div class=\"premium-blog-thumbnail-container premium-blog-zoomin-effect\">\r\n\t\t\t\t\t\t\t<img decoding=\"async\" width=\"1360\" height=\"906\" src=\"https:\/\/speed.growndev.com\/wp-content\/uploads\/2025\/12\/prawo-jazdy-po-angielsku-osk-speed.webp\" class=\"attachment-full size-full wp-image-2046\" alt=\"prawo-jazdy-po-angielsku-osk-speed\" srcset=\"https:\/\/speed.growndev.com\/wp-content\/uploads\/2025\/12\/prawo-jazdy-po-angielsku-osk-speed.webp 1360w, https:\/\/speed.growndev.com\/wp-content\/uploads\/2025\/12\/prawo-jazdy-po-angielsku-osk-speed-300x200.webp 300w, https:\/\/speed.growndev.com\/wp-content\/uploads\/2025\/12\/prawo-jazdy-po-angielsku-osk-speed-1024x682.webp 1024w, https:\/\/speed.growndev.com\/wp-content\/uploads\/2025\/12\/prawo-jazdy-po-angielsku-osk-speed-768x512.webp 768w\" sizes=\"(max-width: 1360px) 100vw, 1360px\" \/>\t\t\t\t\t\t<\/div>\r\n\t\t\t\t\t\t\t\t\t\t\t\t\t<div class=\"premium-blog-thumbnail-overlay\">\r\n\t\t\t\t\t\t\t\t<a class=\"elementor-icon\" href=\"https:\/\/speed.growndev.com\/en\/driving-licence-in-english-in-gdansk-additional-driving-lessons\/\" target=\"_self\"><\/a>\r\n\t\t\t\t\t\t\t<\/div>\r\n\r\n\t\t\t\t\t\t\t\t\t\t\t\t\t\t\t\t\t\t<\/div>\r\n\t\t\t\t\t\t\t\t\t\t\t\t<div class=\"premium-blog-content-wrapper \">\r\n\r\n\t\t\t\t\t<div class=\"premium-blog-inner-container\">\r\n\r\n\t\t\t\t\t\t\t\t\t\t\t\t\t\t<h2 class=\"premium-blog-entry-title\">\r\n\t\t\t<a href=\"https:\/\/speed.growndev.com\/en\/driving-licence-in-english-in-gdansk-additional-driving-lessons\/\" target=\"_self\">\r\n\t\t\t\tDriving Licence in English in Gda\u0144sk \u2013 Additional Driving Lessons\t\t\t<\/a>\r\n\t\t<\/h2>\r\n\t\t\t\t<div class=\"premium-blog-entry-meta\">\r\n\t\t\t\r\n\t\t\t\t\t\t\t<span class=\"premium-blog-meta-separator\">\u2022<\/span>\r\n\t\t\t\t<div class=\"premium-blog-post-time premium-blog-meta-data\">\r\n\t\t\t\t\t<i class=\"fa fa-calendar-alt\" aria-hidden=\"true\"><\/i>\r\n\t\t\t\t\t<span>2025-11-15<\/span>\r\n\t\t\t\t<\/div>\r\n\t\t\t\r\n\t\t\t\r\n\t\t\t\t\t<\/div>\r\n\t\t\r\n\t\t\t\t\t<\/div>\r\n\r\n\t\t\t\t\t\t\t<div class=\"premium-blog-content-inner-wrapper\">\r\n\t\t<p class=\"premium-blog-post-content\">Considering additional driving lessons in English in Gda\u0144sk can bring many benefits to drivers who wish to improve their skills. In cities \u2026<\/p>\t\t<\/div>\r\n\t\t\t\t\t\t\t\r\n\t\t\t\t<\/div>\r\n\t\t\t<\/div>\r\n\t\t<\/div>\r\n\r\n\t\t\t\t<div class=\"premium-blog-post-outer-container\" data-total=\"1\">\r\n\t\t\t<div class=\"premium-blog-post-container premium-blog-skin-classic\">\r\n\t\t\t\t\t\t\t\t\t<div class=\"premium-blog-thumb-effect-wrapper\">\r\n\t\t\t\t\t\t<div class=\"premium-blog-thumbnail-container premium-blog-zoomin-effect\">\r\n\t\t\t\t\t\t\t<img decoding=\"async\" width=\"1919\" height=\"1280\" src=\"https:\/\/speed.growndev.com\/wp-content\/uploads\/2025\/11\/osk-speed-10.webp\" class=\"attachment-full size-full wp-image-1654\" alt=\"osk-speed-10\" srcset=\"https:\/\/speed.growndev.com\/wp-content\/uploads\/2025\/11\/osk-speed-10.webp 1919w, https:\/\/speed.growndev.com\/wp-content\/uploads\/2025\/11\/osk-speed-10-300x200.webp 300w, https:\/\/speed.growndev.com\/wp-content\/uploads\/2025\/11\/osk-speed-10-1024x683.webp 1024w, https:\/\/speed.growndev.com\/wp-content\/uploads\/2025\/11\/osk-speed-10-768x512.webp 768w, https:\/\/speed.growndev.com\/wp-content\/uploads\/2025\/11\/osk-speed-10-1536x1025.webp 1536w\" sizes=\"(max-width: 1919px) 100vw, 1919px\" \/>\t\t\t\t\t\t<\/div>\r\n\t\t\t\t\t\t\t\t\t\t\t\t\t<div class=\"premium-blog-thumbnail-overlay\">\r\n\t\t\t\t\t\t\t\t<a class=\"elementor-icon\" href=\"https:\/\/speed.growndev.com\/en\/positive-driving-test-result-whats-next\/\" target=\"_self\"><\/a>\r\n\t\t\t\t\t\t\t<\/div>\r\n\r\n\t\t\t\t\t\t\t\t\t\t\t\t\t\t\t\t\t\t<\/div>\r\n\t\t\t\t\t\t\t\t\t\t\t\t<div class=\"premium-blog-content-wrapper \">\r\n\r\n\t\t\t\t\t<div class=\"premium-blog-inner-container\">\r\n\r\n\t\t\t\t\t\t\t\t\t\t\t\t\t\t<h2 class=\"premium-blog-entry-title\">\r\n\t\t\t<a href=\"https:\/\/speed.growndev.com\/en\/positive-driving-test-result-whats-next\/\" target=\"_self\">\r\n\t\t\t\tPositive Driving Test Result \u2013 What\u2019s Next?\t\t\t<\/a>\r\n\t\t<\/h2>\r\n\t\t\t\t<div class=\"premium-blog-entry-meta\">\r\n\t\t\t\r\n\t\t\t\t\t\t\t<span class=\"premium-blog-meta-separator\">\u2022<\/span>\r\n\t\t\t\t<div class=\"premium-blog-post-time premium-blog-meta-data\">\r\n\t\t\t\t\t<i class=\"fa fa-calendar-alt\" aria-hidden=\"true\"><\/i>\r\n\t\t\t\t\t<span>2022-10-12<\/span>\r\n\t\t\t\t<\/div>\r\n\t\t\t\r\n\t\t\t\r\n\t\t\t\t\t<\/div>\r\n\t\t\r\n\t\t\t\t\t<\/div>\r\n\r\n\t\t\t\t\t\t\t<div class=\"premium-blog-content-inner-wrapper\">\r\n\t\t<p class=\"premium-blog-post-content\">In order to enjoy having a driving licence, certain formalities must be completed, which are easy to forget in the excitement of \u2026<\/p>\t\t<\/div>\r\n\t\t\t\t\t\t\t\r\n\t\t\t\t<\/div>\r\n\t\t\t<\/div>\r\n\t\t<\/div>\r\n\r\n\t\t\t\t<div class=\"premium-blog-post-outer-container\" data-total=\"1\">\r\n\t\t\t<div class=\"premium-blog-post-container premium-blog-skin-classic\">\r\n\t\t\t\t\t\t\t\t\t<div class=\"premium-blog-thumb-effect-wrapper\">\r\n\t\t\t\t\t\t<div class=\"premium-blog-thumbnail-container premium-blog-zoomin-effect\">\r\n\t\t\t\t\t\t\t<img loading=\"lazy\" decoding=\"async\" width=\"1920\" height=\"1280\" src=\"https:\/\/speed.growndev.com\/wp-content\/uploads\/2025\/11\/osk-speed-12.webp\" class=\"attachment-full size-full wp-image-1652\" alt=\"osk-speed-12\" srcset=\"https:\/\/speed.growndev.com\/wp-content\/uploads\/2025\/11\/osk-speed-12.webp 1920w, https:\/\/speed.growndev.com\/wp-content\/uploads\/2025\/11\/osk-speed-12-300x200.webp 300w, https:\/\/speed.growndev.com\/wp-content\/uploads\/2025\/11\/osk-speed-12-1024x683.webp 1024w, https:\/\/speed.growndev.com\/wp-content\/uploads\/2025\/11\/osk-speed-12-768x512.webp 768w, https:\/\/speed.growndev.com\/wp-content\/uploads\/2025\/11\/osk-speed-12-1536x1024.webp 1536w\" sizes=\"(max-width: 1920px) 100vw, 1920px\" \/>\t\t\t\t\t\t<\/div>\r\n\t\t\t\t\t\t\t\t\t\t\t\t\t<div class=\"premium-blog-thumbnail-overlay\">\r\n\t\t\t\t\t\t\t\t<a class=\"elementor-icon\" href=\"https:\/\/speed.growndev.com\/en\/category-b-driving-licence-information\/\" target=\"_self\"><\/a>\r\n\t\t\t\t\t\t\t<\/div>\r\n\r\n\t\t\t\t\t\t\t\t\t\t\t\t\t\t\t\t\t\t<\/div>\r\n\t\t\t\t\t\t\t\t\t\t\t\t<div class=\"premium-blog-content-wrapper \">\r\n\r\n\t\t\t\t\t<div class=\"premium-blog-inner-container\">\r\n\r\n\t\t\t\t\t\t\t\t\t\t\t\t\t\t<h2 class=\"premium-blog-entry-title\">\r\n\t\t\t<a href=\"https:\/\/speed.growndev.com\/en\/category-b-driving-licence-information\/\" target=\"_self\">\r\n\t\t\t\tCategory B Driving Licence \u2013 Information\t\t\t<\/a>\r\n\t\t<\/h2>\r\n\t\t\t\t<div class=\"premium-blog-entry-meta\">\r\n\t\t\t\r\n\t\t\t\t\t\t\t<span class=\"premium-blog-meta-separator\">\u2022<\/span>\r\n\t\t\t\t<div class=\"premium-blog-post-time premium-blog-meta-data\">\r\n\t\t\t\t\t<i class=\"fa fa-calendar-alt\" aria-hidden=\"true\"><\/i>\r\n\t\t\t\t\t<span>2020-02-24<\/span>\r\n\t\t\t\t<\/div>\r\n\t\t\t\r\n\t\t\t\r\n\t\t\t\t\t<\/div>\r\n\t\t\r\n\t\t\t\t\t<\/div>\r\n\r\n\t\t\t\t\t\t\t<div class=\"premium-blog-content-inner-wrapper\">\r\n\t\t<p class=\"premium-blog-post-content\">A passenger car has long ceased to be associated with luxury. More and more often, it becomes an essential means of transport \u2026<\/p>\t\t<\/div>\r\n\t\t\t\t\t\t\t\r\n\t\t\t\t<\/div>\r\n\t\t\t<\/div>\r\n\t\t<\/div>\r\n\r\n\t\t\t\t<div class=\"premium-blog-post-outer-container\" data-total=\"1\">\r\n\t\t\t<div class=\"premium-blog-post-container premium-blog-skin-classic\">\r\n\t\t\t\t\t\t\t\t\t<div class=\"premium-blog-thumb-effect-wrapper\">\r\n\t\t\t\t\t\t<div class=\"premium-blog-thumbnail-container premium-blog-zoomin-effect\">\r\n\t\t\t\t\t\t\t<img loading=\"lazy\" decoding=\"async\" width=\"1920\" height=\"1280\" src=\"https:\/\/speed.growndev.com\/wp-content\/uploads\/2025\/11\/osk-speed-13.webp\" class=\"attachment-full size-full wp-image-1651\" alt=\"osk-speed-13\" srcset=\"https:\/\/speed.growndev.com\/wp-content\/uploads\/2025\/11\/osk-speed-13.webp 1920w, https:\/\/speed.growndev.com\/wp-content\/uploads\/2025\/11\/osk-speed-13-300x200.webp 300w, https:\/\/speed.growndev.com\/wp-content\/uploads\/2025\/11\/osk-speed-13-1024x683.webp 1024w, https:\/\/speed.growndev.com\/wp-content\/uploads\/2025\/11\/osk-speed-13-768x512.webp 768w, https:\/\/speed.growndev.com\/wp-content\/uploads\/2025\/11\/osk-speed-13-1536x1024.webp 1536w\" sizes=\"(max-width: 1920px) 100vw, 1920px\" \/>\t\t\t\t\t\t<\/div>\r\n\t\t\t\t\t\t\t\t\t\t\t\t\t<div class=\"premium-blog-thumbnail-overlay\">\r\n\t\t\t\t\t\t\t\t<a class=\"elementor-icon\" href=\"https:\/\/speed.growndev.com\/en\/how-to-pass-the-driving-test\/\" target=\"_self\"><\/a>\r\n\t\t\t\t\t\t\t<\/div>\r\n\r\n\t\t\t\t\t\t\t\t\t\t\t\t\t\t\t\t\t\t<\/div>\r\n\t\t\t\t\t\t\t\t\t\t\t\t<div class=\"premium-blog-content-wrapper \">\r\n\r\n\t\t\t\t\t<div class=\"premium-blog-inner-container\">\r\n\r\n\t\t\t\t\t\t\t\t\t\t\t\t\t\t<h2 class=\"premium-blog-entry-title\">\r\n\t\t\t<a href=\"https:\/\/speed.growndev.com\/en\/how-to-pass-the-driving-test\/\" target=\"_self\">\r\n\t\t\t\tHow to Pass the Driving Test?\t\t\t<\/a>\r\n\t\t<\/h2>\r\n\t\t\t\t<div class=\"premium-blog-entry-meta\">\r\n\t\t\t\r\n\t\t\t\t\t\t\t<span class=\"premium-blog-meta-separator\">\u2022<\/span>\r\n\t\t\t\t<div class=\"premium-blog-post-time premium-blog-meta-data\">\r\n\t\t\t\t\t<i class=\"fa fa-calendar-alt\" aria-hidden=\"true\"><\/i>\r\n\t\t\t\t\t<span>2020-01-31<\/span>\r\n\t\t\t\t<\/div>\r\n\t\t\t\r\n\t\t\t\r\n\t\t\t\t\t<\/div>\r\n\t\t\r\n\t\t\t\t\t<\/div>\r\n\r\n\t\t\t\t\t\t\t<div class=\"premium-blog-content-inner-wrapper\">\r\n\t\t<p class=\"premium-blog-post-content\">Many of us wonder how to effectively pass the driving test. Of course, we can approach such an exam only after completing \u2026<\/p>\t\t<\/div>\r\n\t\t\t\t\t\t\t\r\n\t\t\t\t<\/div>\r\n\t\t\t<\/div>\r\n\t\t<\/div>\r\n\r\n\t\t\t\t\t\t\t<\/div>\r\n\r\n\t\t\r\n\t\t\r\n\t\t\t\t\t\t<\/div>\n\t\t\t\t\t<\/div>\n\t\t\t\t<\/div>\n\t\t\t\t<\/div>\n\t\t","protected":false},"excerpt":{"rendered":"<p>Blog Jazdy doszkalaj\u0105ce w Gda\u0144sku popraw swoje umiej\u0119tno\u015bci \u2022 2025-11-20 Jazdy doszkalaj\u0105ce odgrywaj\u0105 kluczow\u0105 rol\u0119 w przystosowaniu kierowc\u00f3w do nowych warunk\u00f3w drogowych. Pomagaj\u0105 naby\u0107 pewno\u015b\u0107 siebie oraz umiej\u0119tno\u015bci niezb\u0119dne do radzenia sobie \u2026 Prawo jazdy po angielsku w Gda\u0144sku dodatkowe jazdy \u2022 2025-11-15 Rozwa\u017cenie dodatkowych zaj\u0119\u0107 z prawa jazdy po angielsku w Gda\u0144sku mo\u017ce przynie\u015b\u0107 [&hellip;]<\/p>\n","protected":false},"author":2,"featured_media":0,"parent":0,"menu_order":0,"comment_status":"closed","ping_status":"closed","template":"","meta":{"_acf_changed":false,"footnotes":""},"class_list":["post-2050","page","type-page","status-publish","hentry"],"acf":[],"_links":{"self":[{"href":"https:\/\/speed.growndev.com\/en\/wp-json\/wp\/v2\/pages\/2050","targetHints":{"allow":["GET"]}}],"collection":[{"href":"https:\/\/speed.growndev.com\/en\/wp-json\/wp\/v2\/pages"}],"about":[{"href":"https:\/\/speed.growndev.com\/en\/wp-json\/wp\/v2\/types\/page"}],"author":[{"embeddable":true,"href":"https:\/\/speed.growndev.com\/en\/wp-json\/wp\/v2\/users\/2"}],"replies":[{"embeddable":true,"href":"https:\/\/speed.growndev.com\/en\/wp-json\/wp\/v2\/comments?post=2050"}],"version-history":[{"count":1,"href":"https:\/\/speed.growndev.com\/en\/wp-json\/wp\/v2\/pages\/2050\/revisions"}],"predecessor-version":[{"id":2051,"href":"https:\/\/speed.growndev.com\/en\/wp-json\/wp\/v2\/pages\/2050\/revisions\/2051"}],"wp:attachment":[{"href":"https:\/\/speed.growndev.com\/en\/wp-json\/wp\/v2\/media?parent=2050"}],"curies":[{"name":"wp","href":"https:\/\/api.w.org\/{rel}","templated":true}]}}